{"id":280,"date":"2020-01-25T10:37:11","date_gmt":"2020-01-25T09:37:11","guid":{"rendered":"http:\/\/niehold.de\/wordpress\/?page_id=280"},"modified":"2020-01-25T10:37:11","modified_gmt":"2020-01-25T09:37:11","slug":"allgemeine-geschaeftsbedingungen-agb","status":"publish","type":"page","link":"https:\/\/niehold.de\/wordpress\/allgemeine-geschaeftsbedingungen-agb\/","title":{"rendered":"Allgemeine Gesch\u00e4ftsbedingungen (AGB)"},"content":{"rendered":"\n<h4 class=\"wp-block-heading\">1. Abschluss des Reisevertrages<\/h4>\n\n\n\n<p>Ihre Anmeldung (online, schriftlich, m\u00fcndlich, fernm\u00fcndlich) ist ein verbindliches Angebot zum Abschluss eines Reisevertrages unter Einbeziehung der unter 2. genannten Zahlungsbedingungen. Sie buchen auch f\u00fcr alle in der Anmeldung mit aufgef\u00fchrten Teilnehmer. Die Anmeldung wird verbindlich, wenn wir Ihre <span class='hurraki_tooltip' data-title='Reise' style='border-bottom:2px dotted #888;'>Reise<\/span> schriftlich best\u00e4tigt haben.<\/p>\n\n\n\n<h4 class=\"wp-block-heading\">2. Bezahlung<\/h4>\n\n\n\n<p>Mit Erhalt der schriftlichen Reisebest\u00e4tigung zahlen Sie bitte wie folgt:<br>a) eine Anzahlung von 25 % innerhalb von 10 Tagen<br>b) die Restzahlung erfolgt sp\u00e4testens 14 Tage vor Reiseantritt.<br>c) Sp\u00e4testens am Anreisetag eine Kaution von 50 \u20ac.<\/p>\n\n\n\n<h4 class=\"wp-block-heading\">3. Leistungen<\/h4>\n\n\n\n<p>F\u00fcr den Umfang der vertraglichen Leistungen sind die Angaben auf der Homepage des Vermieters verbindlich.<br>Die Mietdauer beginnt am Anreisetag um 14.00 <span class='hurraki_tooltip' data-title='Uhr' style='border-bottom:2px dotted #888;'>Uhr<\/span> und endet am Abreisetag um 10.00.<br>Nebenabsprachen bed\u00fcrfen der schriftlichen Best\u00e4tigung durch den Vermieter.<\/p>\n\n\n\n<h4 class=\"wp-block-heading\">4. Reiser\u00fccktritt durch den Gast<\/h4>\n\n\n\n<p>Der Beherbergungsvertrag kann jederzeit vom Gast aufgel\u00f6st werden. Er ist aber f\u00fcr diesen Fall verpflichtet, pauschal folgende <span class='hurraki_tooltip' data-title='Entsch\u00e4digung' style='border-bottom:2px dotted #888;'>Entsch\u00e4digung<\/span> zu zahlen:<\/p>\n\n\n\n<ul class=\"wp-block-list\"><li>bis 8 Wochen vor Reisebeginn:&nbsp;&nbsp;&nbsp;&nbsp;5 % des Reisepreises, mindestens jedoch 10,00 \u20ac<\/li><li>bis 30 Tage vor Reisebeginn:&nbsp;&nbsp;&nbsp;&nbsp;10 % des Reisepreises<\/li><li>29.- 22.<span class='hurraki_tooltip' data-title='Tag' style='border-bottom:2px dotted #888;'>Tag<\/span> vor Reisebeginn:&nbsp;&nbsp;&nbsp;&nbsp;25 % des Reisepreises<\/li><li>21.- 15.Tag vor Reisebeginn:&nbsp;&nbsp;&nbsp;&nbsp;50 % des Reisepreises<\/li><li>14.- 4.Tag vor Reisebeginn:&nbsp;&nbsp;&nbsp;&nbsp;75 % des Reisepreises<\/li><li>ab dem 3.Tag vor Reisebeginn:&nbsp;&nbsp;&nbsp;&nbsp;100 % des Reisepreises<\/li><\/ul>\n\n\n\n<h4 class=\"wp-block-heading\">5. Umbuchung<\/h4>\n\n\n\n<p>Bei einer Umbuchung einer schon best\u00e4tigten Reise berechnen wir 15,00 \u20ac Umbuchungsgeb\u00fchr.<\/p>\n\n\n\n<h4 class=\"wp-block-heading\">6. Aufhebung des Vertrages wegen au\u00dfergew\u00f6hnlicher Umst\u00e4nde<\/h4>\n\n\n\n<p>Wird die Reise infolge h\u00f6herer Gewalt erheblich erschwert gef\u00e4hrdet oder beeintr\u00e4chtigt, so kann sowohl der Gast als auch der Vermieter den Vertrag k\u00fcndigen. Bei <span class='hurraki_tooltip' data-title='R\u00fccktritt' style='border-bottom:2px dotted #888;'>R\u00fccktritt<\/span> nach Reisebeginn berechnen wir infolge der h\u00f6heren Gewalt die nicht genutzten Objekte nur teilweise oder gar nicht.<\/p>\n\n\n\n<h4 class=\"wp-block-heading\">7. Gew\u00e4hrleistung<\/h4>\n\n\n\n<p>Die Objektbeschaffenheit wird als vertragsgerecht vereinbart und eine Haftung f\u00fcr leichte Fahrl\u00e4ssigkeit ausgeschlossen sofern es sich nicht, um vertragswesentliche Pflichten, Sch\u00e4den aus Verletzungen von Leben, K\u00f6rper und Gesundheit sowie Anspr\u00fcche aus dem Produkthaftpflichtgesetz handelt. Eine Schutzwirkung zu Gunsten Vertragsfremder Dritter wird ausgeschlossen.<\/p>\n\n\n\n<h4 class=\"wp-block-heading\">8. Allgemeines<\/h4>\n\n\n\n<p>Die Berichtigung von Druck- und Rechenfehlern bleibt uns vorbehalten.<\/p>\n","protected":false},"excerpt":{"rendered":"<p>1. Abschluss des Reisevertrages Ihre Anmeldung (online, schriftlich, m\u00fcndlich, fernm\u00fcndlich) ist ein verbindliches Angebot zum Abschluss eines Reisevertrages unter Einbeziehung der unter 2. genannten Zahlungsbedingungen. Sie buchen auch f\u00fcr alle in der Anmeldung mit aufgef\u00fchrten Teilnehmer. Die Anmeldung wird verbindlich, wenn wir Ihre Reise schriftlich best\u00e4tigt haben. 2. Bezahlung Mit Erhalt der schriftlichen Reisebest\u00e4tigung zahlen [&hellip;]<\/p>\n","protected":false},"author":1,"featured_media":0,"parent":0,"menu_order":0,"comment_status":"closed","ping_status":"closed","template":"","meta":{"_uag_custom_page_level_css":"","advgb_blocks_editor_width":"","advgb_blocks_columns_visual_guide":"","footnotes":""},"class_list":["post-280","page","type-page","status-publish","hentry"],"uagb_featured_image_src":{"full":false,"thumbnail":false,"medium":false,"medium_large":false,"large":false,"1536x1536":false,"2048x2048":false,"post-thumbnail":false,"twentytwenty-fullscreen":false},"uagb_author_info":{"display_name":"admin","author_link":"https:\/\/niehold.de\/wordpress\/author\/admin\/"},"uagb_comment_info":0,"uagb_excerpt":"1. Abschluss des Reisevertrages Ihre Anmeldung (online, schriftlich, m\u00fcndlich, fernm\u00fcndlich) ist ein verbindliches Angebot zum Abschluss eines Reisevertrages unter Einbeziehung der unter 2. genannten Zahlungsbedingungen. Sie buchen auch f\u00fcr alle in der Anmeldung mit aufgef\u00fchrten Teilnehmer. Die Anmeldung wird verbindlich, wenn wir Ihre Reise schriftlich best\u00e4tigt haben. 2. Bezahlung Mit Erhalt der schriftlichen Reisebest\u00e4tigung zahlen&hellip;","coauthors":[],"author_meta":{"author_link":"https:\/\/niehold.de\/wordpress\/author\/admin\/","display_name":"admin"},"relative_dates":{"created":"Posted 6\u00a0Jahren ago","modified":"Updated 6\u00a0Jahren ago"},"absolute_dates":{"created":"Posted on 25. Januar 2020","modified":"Updated on 25. Januar 2020"},"absolute_dates_time":{"created":"Posted on 25. Januar 2020 10:37","modified":"Updated on 25. Januar 2020 10:37"},"featured_img_caption":"","featured_img":false,"series_order":"","_links":{"self":[{"href":"https:\/\/niehold.de\/wordpress\/wp-json\/wp\/v2\/pages\/280","targetHints":{"allow":["GET"]}}],"collection":[{"href":"https:\/\/niehold.de\/wordpress\/wp-json\/wp\/v2\/pages"}],"about":[{"href":"https:\/\/niehold.de\/wordpress\/wp-json\/wp\/v2\/types\/page"}],"author":[{"embeddable":true,"href":"https:\/\/niehold.de\/wordpress\/wp-json\/wp\/v2\/users\/1"}],"replies":[{"embeddable":true,"href":"https:\/\/niehold.de\/wordpress\/wp-json\/wp\/v2\/comments?post=280"}],"version-history":[{"count":1,"href":"https:\/\/niehold.de\/wordpress\/wp-json\/wp\/v2\/pages\/280\/revisions"}],"predecessor-version":[{"id":281,"href":"https:\/\/niehold.de\/wordpress\/wp-json\/wp\/v2\/pages\/280\/revisions\/281"}],"wp:attachment":[{"href":"https:\/\/niehold.de\/wordpress\/wp-json\/wp\/v2\/media?parent=280"}],"curies":[{"name":"wp","href":"https:\/\/api.w.org\/{rel}","templated":true}]}}