{"id":282,"date":"2020-01-25T10:44:35","date_gmt":"2020-01-25T09:44:35","guid":{"rendered":"http:\/\/niehold.de\/wordpress\/?page_id=282"},"modified":"2020-01-25T10:44:35","modified_gmt":"2020-01-25T09:44:35","slug":"ausfluege","status":"publish","type":"page","link":"https:\/\/niehold.de\/wordpress\/ausfluege\/","title":{"rendered":"Ausfl\u00fcge"},"content":{"rendered":"\n<figure class=\"wp-block-table\"><table><tbody><tr><td>Gut Speisen in der <span class='hurraki_tooltip' data-title='Region' style='border-bottom:2px dotted #888;'>Region<\/span>:<\/td><td>Krug Gollin<br><a href=\"https:\/\/www.landgasthof-askanien.de\/\">Landgasthof Askanien <\/a><br><a href=\"https:\/\/templin.de\/tipps-and-angebote\/essen-and-trinken\/restaurants\">Gastst\u00e4tten in Templin<\/a><\/td><\/tr><tr><td>Besuchen Sie Templin die Perle der Uckermark.<\/td><td><a href=\"http:\/\/www.templin.de\">Templin<\/a><br><a href=\"http:\/\/www.templin-info.de\">Templin (Fotos)<\/a><\/td><\/tr><tr><td>Die NaturTherme Templin bietet auch bei schlechtem <span class='hurraki_tooltip' data-title='Wetter' style='border-bottom:2px dotted #888;'>Wetter<\/span> und im Winter beste Voraussetzungen f\u00fcr eine gute Erholung<\/td><td><a href=\"http:\/\/www.naturthermetemplin.de\">Natur Therme<\/a><\/td><\/tr><tr><td>Eldorado, die Westernstadt in der Uckermark am R\u00f6ddelinsee<\/td><td><a href=\"http:\/\/www.eldorado-templin.de\">Eldorado<\/a><\/td><\/tr><tr><td>Mit einem Go-Cart k\u00f6nnen Sie auf dem Templiner Ring so richtig durchstarten<\/td><td><a href=\"http:\/\/www.kart-templin.de\">Go-Kart-Bahn in Templin<\/a><\/td><\/tr><tr><td>Sie interessieren sich f\u00fcr die Natur und die zahlreichen Naturschutzgebiete rund um Templin?, dann besuchen Sie die Ausstellung im Berliner Tor.<\/td><td>Berliner Tor Templin<\/td><\/tr><tr><td>Mit der Draisine auf die Schiene &#8211; von Templin bis F\u00fcrstenberg<\/td><td><a href=\"http:\/\/www.draisine.com\/\">zur Draisine<\/a><\/td><\/tr><tr><td>Aber auch in der n\u00e4hren Umgebung, also in der Uckermark, in der Schorfheide und im Barnim gibt es viel interessantes zu entdecken:<\/td><td><a href=\"http:\/\/uckermark.de\/\">Landkreis Uckermark<\/a><br><a href=\"http:\/\/barnim.de\/\">Landkreis Barnim<\/a><br><a href=\"http:\/\/oberhavel.de\/\">Landkreis Oberhavel<\/a><br><a href=\"http:\/\/www.schorfheide-chorin.de\/\/\">Biosph\u00e4renreservat Schorfheide-Chorin<\/a><\/td><\/tr><tr><td>Hier finden Sie einige weitere spezielle Ausflugsziele in der n\u00e4heren Umgebung:<\/td><td><a href=\"http:\/\/www.wildpark-schorfheide.de\/\">Wildpark Schorfheide<\/a><br><a href=\"http:\/\/www.reiterhof-steindamm.de\/\">Reiterhof Steindamm<\/a><br><a href=\"http:\/\/www.ziegeleipark.de\/\">Ziegeleipark Mildenberg<\/a><br><a href=\"http:\/\/www.blumberger-muehle.de\/\">Blumberger M\u00fchle<\/a><br><a href=\"http:\/\/www.schiffshebewerk-niederfinow.info\/\">Schiffshebewerk Niederfinow<\/a><br><a href=\"http:\/\/www.kloster-chorin.com\/\">Kloster Chorin<\/a><br><a href=\"http:\/\/www.schloss-boitzenburg.de\/\">Schloss<\/a> und<br><a href=\"http:\/\/www.zur-klostermuehle.de\/\">Klosterm\u00fchle<\/a> Boitzenburg<br><a href=\"http:\/\/www.slawendorf-neustrelitz.de\/\">Slavendorf Neustrelitz<\/a><br><a href=\"http:\/\/www.prenzlau.de\">Preznlau<\/a><br><a href=\"http:\/\/www.Lychen.de\">Lychen<\/a><br><a href=\"http:\/\/www.Zehdenick.de\">Zehdenick<\/a><\/td><\/tr><tr><td>und falls doch mal etwas weiter weg gehen soll:<\/td><td><a href=\"http:\/\/berlin.de\/\"><span class='hurraki_tooltip' data-title='Berlin' style='border-bottom:2px dotted #888;'>Berlin<\/span> (70km)<\/a><br><a href=\"http:\/\/www.polen-info.de\/\"><span class='hurraki_tooltip' data-title='Polen' style='border-bottom:2px dotted #888;'>Polen<\/span> (50km)<\/a><br><a href=\"http:\/\/www.szczecin.pl\/inwestor\/de\/index.html\">Stettin<\/a><br><a href=\"http:\/\/www.usedom.de\/\">Usedom (ca. 2 Stunden)<\/a><br><a href=\"http:\/\/www.ruegen.de\/\">R\u00fcgen (ca. 3 Stunden)<\/a><\/td><\/tr><\/tbody><\/table><\/figure>\n","protected":false},"excerpt":{"rendered":"<p>Gut Speisen in der Region: Krug GollinLandgasthof Askanien Gastst\u00e4tten in Templin Besuchen Sie Templin die Perle der Uckermark. TemplinTemplin (Fotos) Die NaturTherme Templin bietet auch bei schlechtem Wetter und im Winter beste Voraussetzungen f\u00fcr eine gute Erholung Natur Therme Eldorado, die Westernstadt in der Uckermark am R\u00f6ddelinsee Eldorado Mit einem Go-Cart k\u00f6nnen Sie auf dem [&hellip;]<\/p>\n","protected":false},"author":1,"featured_media":0,"parent":0,"menu_order":0,"comment_status":"closed","ping_status":"closed","template":"","meta":{"_uag_custom_page_level_css":"","advgb_blocks_editor_width":"","advgb_blocks_columns_visual_guide":"","footnotes":""},"class_list":["post-282","page","type-page","status-publish","hentry"],"uagb_featured_image_src":{"full":false,"thumbnail":false,"medium":false,"medium_large":false,"large":false,"1536x1536":false,"2048x2048":false,"post-thumbnail":false,"twentytwenty-fullscreen":false},"uagb_author_info":{"display_name":"admin","author_link":"https:\/\/niehold.de\/wordpress\/author\/admin\/"},"uagb_comment_info":0,"uagb_excerpt":"Gut Speisen in der Region: Krug GollinLandgasthof Askanien Gastst\u00e4tten in Templin Besuchen Sie Templin die Perle der Uckermark. TemplinTemplin (Fotos) Die NaturTherme Templin bietet auch bei schlechtem Wetter und im Winter beste Voraussetzungen f\u00fcr eine gute Erholung Natur Therme Eldorado, die Westernstadt in der Uckermark am R\u00f6ddelinsee Eldorado Mit einem Go-Cart k\u00f6nnen Sie auf dem&hellip;","coauthors":[],"author_meta":{"author_link":"https:\/\/niehold.de\/wordpress\/author\/admin\/","display_name":"admin"},"relative_dates":{"created":"Posted 6\u00a0Jahren ago","modified":"Updated 6\u00a0Jahren ago"},"absolute_dates":{"created":"Posted on 25. Januar 2020","modified":"Updated on 25. Januar 2020"},"absolute_dates_time":{"created":"Posted on 25. Januar 2020 10:44","modified":"Updated on 25. Januar 2020 10:44"},"featured_img_caption":"","featured_img":false,"series_order":"","_links":{"self":[{"href":"https:\/\/niehold.de\/wordpress\/wp-json\/wp\/v2\/pages\/282","targetHints":{"allow":["GET"]}}],"collection":[{"href":"https:\/\/niehold.de\/wordpress\/wp-json\/wp\/v2\/pages"}],"about":[{"href":"https:\/\/niehold.de\/wordpress\/wp-json\/wp\/v2\/types\/page"}],"author":[{"embeddable":true,"href":"https:\/\/niehold.de\/wordpress\/wp-json\/wp\/v2\/users\/1"}],"replies":[{"embeddable":true,"href":"https:\/\/niehold.de\/wordpress\/wp-json\/wp\/v2\/comments?post=282"}],"version-history":[{"count":1,"href":"https:\/\/niehold.de\/wordpress\/wp-json\/wp\/v2\/pages\/282\/revisions"}],"predecessor-version":[{"id":283,"href":"https:\/\/niehold.de\/wordpress\/wp-json\/wp\/v2\/pages\/282\/revisions\/283"}],"wp:attachment":[{"href":"https:\/\/niehold.de\/wordpress\/wp-json\/wp\/v2\/media?parent=282"}],"curies":[{"name":"wp","href":"https:\/\/api.w.org\/{rel}","templated":true}]}}