{"id":332,"date":"2020-01-25T13:58:45","date_gmt":"2020-01-25T12:58:45","guid":{"rendered":"http:\/\/niehold.de\/wordpress\/?page_id=332"},"modified":"2022-11-05T14:56:31","modified_gmt":"2022-11-05T13:56:31","slug":"ferienhaus-am-gollinsee-gollin-i","status":"publish","type":"page","link":"https:\/\/niehold.de\/wordpress\/ferienhaus-am-gollinsee-gollin-i\/","title":{"rendered":"Ferienhaus am Gollinsee &#8211; Gollin I."},"content":{"rendered":"<div class=\"wp-block-image is-style-rounded\">\n<figure class=\"alignright size-large advgb-dyn-7fbc6341\"><img loading=\"lazy\" decoding=\"async\" width=\"1024\" height=\"768\" src=\"http:\/\/niehold.de\/wp-content\/uploads\/2018\/12\/P8080029-1024x768.jpg\" alt=\"\" class=\"wp-image-214\" srcset=\"https:\/\/niehold.de\/wp-content\/uploads\/2018\/12\/P8080029-1024x768.jpg 1024w, https:\/\/niehold.de\/wp-content\/uploads\/2018\/12\/P8080029-300x225.jpg 300w, https:\/\/niehold.de\/wp-content\/uploads\/2018\/12\/P8080029-768x576.jpg 768w, https:\/\/niehold.de\/wp-content\/uploads\/2018\/12\/P8080029-830x623.jpg 830w, https:\/\/niehold.de\/wp-content\/uploads\/2018\/12\/P8080029-230x173.jpg 230w, https:\/\/niehold.de\/wp-content\/uploads\/2018\/12\/P8080029-350x263.jpg 350w, https:\/\/niehold.de\/wp-content\/uploads\/2018\/12\/P8080029-480x360.jpg 480w, https:\/\/niehold.de\/wp-content\/uploads\/2018\/12\/P8080029.jpg 2048w\" sizes=\"auto, (max-width: 1024px) 100vw, 1024px\" \/><\/figure>\n<\/div>\n\n\n<p>Das Ferienhaus befindet sich in Gollin, am Ortsausgang, Richtung Vietmannsdorf, nur etwa 100 Meter bis zum Wald und 50 Meter bis zum Gro\u00dfen Gollinsee. Der Gollinsee ist ein Klarwassersee, und gilt als einer der saubersten Seen Brandenburgs. Es steht Ihnen ein Ruderboot zur Verf\u00fcgung mit dem Sie die 2,5 km lange Idylle des Sees erkunden und Ihr <span class='hurraki_tooltip' data-title='Gl\u00fcck' style='border-bottom:2px dotted #888;'>Gl\u00fcck<\/span> als Angler versuchen k\u00f6nnen. Die Landschaft des Biosph\u00e4renreservats Schorfheide-Chorin l\u00e4dt aber auch zum Wandern und Ausspannen ein.<\/p>\n\n\n\n<p>Lage: Das Ferienhaus steht am Ortsrand Gollins in Richtung Vietmannsdorf, direkt&nbsp; oberhalb des Gro\u00dfen Gollinsees. Das Grundst\u00fcck hat eine Nutzfl\u00e4che von ca. 1000 m\u00b2 Das Ferienhaus eine Fl\u00e4che von ca. 70m\u00b2.<\/p>\n\n\n\n<p>Auslegung&nbsp; f\u00fcr 4 Personen und 2 Aufbettungen<\/p>\n\n\n\n<p>Ausstattung Untergeschoss:<br>K\u00fcche: Single-K\u00fcche, K\u00fchlschrank mit Gefrierfach und vielen weiteren K\u00fcchenger\u00e4ten, Dusche und WC, Sitzecke, Sat-TV, gro\u00dfe Aussenterrasse mit Kamin und Sitzecke<\/p>\n\n\n\n<p>Ausstattung Obergeschoss:<br>drei Schlafr\u00e4ume mit einmal 1 Bett, zweimal 2 Betten und einer Aufbettung, Gro\u00dfer Balkon mit Blick auf den Gollinsee<\/p>\n\n\n\n<p>auf dem Grundst\u00fcck:<br>Stellplatz f\u00fcr PKW, Grillplatz mit Sitzecke, Liegewiese, W\u00e4scheplatz und genug sonstigem Platz zum Ballspielen oder herumtoben. Das Mitbringen von Haustieren ist nach Absprache m\u00f6glich.<\/p>\n\n\n\n<p>Preise 2023<\/p>\n\n\n\n<p>Wir vermieten nur von April bis Ende September, sollten Sie au\u00dferhalb dieser <span class='hurraki_tooltip' data-title='Zeit' style='border-bottom:2px dotted #888;'>Zeit<\/span> mieten wollen kontaktieren Sie uns bitte telefonisch. <\/p>\n\n\n\n<p>Nebensaison: April, Mai und September<\/p>\n\n\n\n<figure class=\"wp-block-table is-style-stripes\"><table><tbody><tr><td><\/td><td>2 Personen<\/td><td>3 Personen<\/td><td>4 Personen<\/td><td>Endreinigung<\/td><\/tr><tr><td>pro <span class='hurraki_tooltip' data-title='Tag' style='border-bottom:2px dotted #888;'>Tag<\/span><\/td><td>75 \u20ac<\/td><td>80 <\/td><td>85 \u20ac<\/td><td>40 \u20ac einmalig<\/td><\/tr><tr><td>pro Woche<\/td><td>499 \u20ac<\/td><td>539 \u20ac<\/td><td>579 \u20ac<\/td><td>40 \u20ac einmalig<\/td><\/tr><tr><td>zwei Wochen<\/td><td>959 \u20ac<\/td><td>1039 \u20ac<\/td><td>1119 \u20ac<\/td><td>40 \u20ac einmalig<\/td><\/tr><\/tbody><\/table><\/figure>\n\n\n\n<p>Hauptsaison: Juni, Juli und August<\/p>\n\n\n\n<figure class=\"wp-block-table is-style-stripes\"><table><tbody><tr><td><\/td><td>4 Personen<\/td><td>5 Personen<\/td><td>6 Personen<\/td><td>Endreinigung<\/td><\/tr><tr><td>pro Tag<\/td><td>100 \u20ac<\/td><td>105 \u20ac<\/td><td>110 \u20ac<\/td><td>50 \u20ac einmalig<\/td><\/tr><tr><td>pro Woche<\/td><td>679 \u20ac<\/td><td>709 \u20ac<\/td><td>749 \u20ac<\/td><td>50 \u20ac einmalig<\/td><\/tr><tr><td>zwei Wochen<\/td><td>1299 \u20ac<\/td><td>1359 \u20ac<\/td><td>1419 \u20ac<\/td><td>50 \u20ac einmalig<\/td><\/tr><\/tbody><\/table><\/figure>\n\n\n\n<p>Die Preise beinhalten alle Kosten f\u00fcr W-Lan, Strom und Wasser sowie Bettw\u00e4sche, jedoch keine Handt\u00fccher. <\/p>\n\n\n\n<p><strong>Anreise ab 16 <span class='hurraki_tooltip' data-title='Uhr' style='border-bottom:2px dotted #888;'>Uhr<\/span>; Abreise bis 10 Uhr<\/strong><br><strong>Hinweis: das Laden eines E-Autos ist nicht gestattet und nicht m\u00f6glich!<\/strong><\/p>\n\n\n\n<div class=\"wp-block-advgb-images-slider advgb-images-slider-block advg-images-slider-96ec0dcf-b5ee-4ea2-80e1-15098be04003\"><div class=\"advgb-images-slider\" dir=\"ltr\"><div class=\"advgb-image-slider-item\"><img decoding=\"async\" src=\"http:\/\/niehold.de\/wp-content\/uploads\/2014\/01\/images_gollin1_2.jpg\" class=\"advgb-image-slider-img\" style=\"width:100%;height:auto\"\/><div class=\"advgb-image-slider-item-info\" style=\"justify-content:center;align-items:center\"><\/div><\/div><div class=\"advgb-image-slider-item\"><img decoding=\"async\" src=\"http:\/\/niehold.de\/wp-content\/uploads\/2020\/01\/IMG_20190430_185426-scaled.jpg\" class=\"advgb-image-slider-img\" style=\"width:100%;height:auto\"\/><div class=\"advgb-image-slider-item-info\" style=\"justify-content:center;align-items:center\"><\/div><\/div><div class=\"advgb-image-slider-item\"><img decoding=\"async\" src=\"http:\/\/niehold.de\/wp-content\/uploads\/2020\/01\/IMG_20190430_185414-scaled.jpg\" class=\"advgb-image-slider-img\" style=\"width:100%;height:auto\"\/><div class=\"advgb-image-slider-item-info\" style=\"justify-content:center;align-items:center\"><\/div><\/div><div class=\"advgb-image-slider-item\"><img decoding=\"async\" src=\"http:\/\/niehold.de\/wp-content\/uploads\/2020\/01\/IMG_20190430_185400-scaled.jpg\" class=\"advgb-image-slider-img\" style=\"width:100%;height:auto\"\/><div class=\"advgb-image-slider-item-info\" style=\"justify-content:center;align-items:center\"><\/div><\/div><div class=\"advgb-image-slider-item\"><img decoding=\"async\" src=\"http:\/\/niehold.de\/wp-content\/uploads\/2020\/01\/IMG_20190430_185353-scaled.jpg\" class=\"advgb-image-slider-img\" style=\"width:100%;height:auto\"\/><div class=\"advgb-image-slider-item-info\" style=\"justify-content:center;align-items:center\"><\/div><\/div><div class=\"advgb-image-slider-item\"><img decoding=\"async\" src=\"http:\/\/niehold.de\/wp-content\/uploads\/2020\/01\/IMG_20190430_185342-scaled.jpg\" class=\"advgb-image-slider-img\" style=\"width:100%;height:auto\"\/><div class=\"advgb-image-slider-item-info\" style=\"justify-content:center;align-items:center\"><\/div><\/div><div class=\"advgb-image-slider-item\"><img decoding=\"async\" src=\"http:\/\/niehold.de\/wp-content\/uploads\/2020\/01\/IMG_20190430_185324-scaled.jpg\" class=\"advgb-image-slider-img\" style=\"width:100%;height:auto\"\/><div class=\"advgb-image-slider-item-info\" style=\"justify-content:center;align-items:center\"><\/div><\/div><div class=\"advgb-image-slider-item\"><img decoding=\"async\" src=\"http:\/\/niehold.de\/wp-content\/uploads\/2020\/01\/IMG_20190430_185311-scaled.jpg\" class=\"advgb-image-slider-img\" style=\"width:100%;height:auto\"\/><div class=\"advgb-image-slider-item-info\" style=\"justify-content:center;align-items:center\"><\/div><\/div><div class=\"advgb-image-slider-item\"><img decoding=\"async\" src=\"http:\/\/niehold.de\/wp-content\/uploads\/2018\/12\/P8080029.jpg\" class=\"advgb-image-slider-img\" style=\"width:100%;height:auto\"\/><div class=\"advgb-image-slider-item-info\" style=\"justify-content:center;align-items:center\"><\/div><\/div><div class=\"advgb-image-slider-item\"><img decoding=\"async\" src=\"http:\/\/niehold.de\/wp-content\/uploads\/2018\/12\/P1010027.jpg\" class=\"advgb-image-slider-img\" style=\"width:100%;height:auto\"\/><div class=\"advgb-image-slider-item-info\" style=\"justify-content:center;align-items:center\"><\/div><\/div><div class=\"advgb-image-slider-item\"><img decoding=\"async\" src=\"http:\/\/niehold.de\/wp-content\/uploads\/2018\/12\/DSC_0428.jpg\" class=\"advgb-image-slider-img\" style=\"width:100%;height:auto\"\/><div class=\"advgb-image-slider-item-info\" style=\"justify-content:center;align-items:center\"><\/div><\/div><div class=\"advgb-image-slider-item\"><img decoding=\"async\" src=\"http:\/\/niehold.de\/wp-content\/uploads\/2018\/12\/DSC_0420.jpg\" class=\"advgb-image-slider-img\" style=\"width:100%;height:auto\"\/><div class=\"advgb-image-slider-item-info\" style=\"justify-content:center;align-items:center\"><\/div><\/div><div class=\"advgb-image-slider-item\"><img decoding=\"async\" src=\"http:\/\/niehold.de\/wp-content\/uploads\/2018\/12\/DSC_0344.jpg\" class=\"advgb-image-slider-img\" style=\"width:100%;height:auto\"\/><div class=\"advgb-image-slider-item-info\" style=\"justify-content:center;align-items:center\"><\/div><\/div><div class=\"advgb-image-slider-item\"><img decoding=\"async\" src=\"http:\/\/niehold.de\/wp-content\/uploads\/2018\/12\/DSC_0002.jpg\" class=\"advgb-image-slider-img\" style=\"width:100%;height:auto\"\/><div class=\"advgb-image-slider-item-info\" style=\"justify-content:center;align-items:center\"><\/div><\/div><div class=\"advgb-image-slider-item\"><img decoding=\"async\" src=\"http:\/\/niehold.de\/wp-content\/uploads\/2018\/12\/DSC_0221.jpg\" class=\"advgb-image-slider-img\" style=\"width:100%;height:auto\"\/><div class=\"advgb-image-slider-item-info\" style=\"justify-content:center;align-items:center\"><\/div><\/div><div class=\"advgb-image-slider-item\"><img decoding=\"async\" src=\"http:\/\/niehold.de\/wp-content\/uploads\/2016\/12\/slider05.jpg\" class=\"advgb-image-slider-img\" style=\"width:100%;height:auto\"\/><div class=\"advgb-image-slider-item-info\" style=\"justify-content:center;align-items:center\"><\/div><\/div><\/div><\/div>\n\n\n\n<p class=\"has-black-color has-luminous-vivid-amber-background-color has-text-color has-background\"><strong>Die Vermietung erfolgt 2023 nur direkt \u00fcber uns. Bitte fragen Sie freie Termine telefonsich oder per <a href=\"mailto: &#x75;&#x72;&#108;&#97;u&#x62;&#x40;&#x6e;&#105;&#101;h&#x6f;&#x6c;&#x64;&#46;&#100;e\" data-type=\"mailto\" data-id=\"mailto: &#117;&#x72;&#108;&#x61;&#117;&#x62;&#64;&#x6e;&#105;&#x65;&#104;&#x6f;l&#x64;&#46;&#x64;e\"><span class='hurraki_tooltip' data-title='E-Mail' style='border-bottom:2px dotted #888;'>E-<span class='hurraki_tooltip' data-title='Mail' style='border-bottom:2px dotted #888;'>Mail<\/span><\/span><\/a> an. <\/strong><\/p>\n\n\n\n<p><\/p>\n","protected":false},"excerpt":{"rendered":"<p>Das Ferienhaus befindet sich in Gollin, am Ortsausgang, Richtung Vietmannsdorf, nur etwa 100 Meter bis zum Wald und 50 Meter bis zum Gro\u00dfen Gollinsee. Der Gollinsee ist ein Klarwassersee, und gilt als einer der saubersten Seen Brandenburgs. Es steht Ihnen ein Ruderboot zur Verf\u00fcgung mit dem Sie die 2,5 km lange Idylle des Sees erkunden [&hellip;]<\/p>\n","protected":false},"author":1,"featured_media":0,"parent":0,"menu_order":0,"comment_status":"closed","ping_status":"closed","template":"","meta":{"_uag_custom_page_level_css":"","advgb_blocks_editor_width":"","advgb_blocks_columns_visual_guide":"","footnotes":""},"class_list":["post-332","page","type-page","status-publish","hentry"],"uagb_featured_image_src":{"full":false,"thumbnail":false,"medium":false,"medium_large":false,"large":false,"1536x1536":false,"2048x2048":false,"post-thumbnail":false,"twentytwenty-fullscreen":false},"uagb_author_info":{"display_name":"admin","author_link":"https:\/\/niehold.de\/wordpress\/author\/admin\/"},"uagb_comment_info":0,"uagb_excerpt":"Das Ferienhaus befindet sich in Gollin, am Ortsausgang, Richtung Vietmannsdorf, nur etwa 100 Meter bis zum Wald und 50 Meter bis zum Gro\u00dfen Gollinsee. Der Gollinsee ist ein Klarwassersee, und gilt als einer der saubersten Seen Brandenburgs. Es steht Ihnen ein Ruderboot zur Verf\u00fcgung mit dem Sie die 2,5 km lange Idylle des Sees erkunden&hellip;","coauthors":[],"author_meta":{"author_link":"https:\/\/niehold.de\/wordpress\/author\/admin\/","display_name":"admin"},"relative_dates":{"created":"Posted 6\u00a0Jahren ago","modified":"Updated 3\u00a0Jahren ago"},"absolute_dates":{"created":"Posted on 25. Januar 2020","modified":"Updated on 5. November 2022"},"absolute_dates_time":{"created":"Posted on 25. Januar 2020 13:58","modified":"Updated on 5. November 2022 14:56"},"featured_img_caption":"","featured_img":false,"series_order":"","_links":{"self":[{"href":"https:\/\/niehold.de\/wordpress\/wp-json\/wp\/v2\/pages\/332","targetHints":{"allow":["GET"]}}],"collection":[{"href":"https:\/\/niehold.de\/wordpress\/wp-json\/wp\/v2\/pages"}],"about":[{"href":"https:\/\/niehold.de\/wordpress\/wp-json\/wp\/v2\/types\/page"}],"author":[{"embeddable":true,"href":"https:\/\/niehold.de\/wordpress\/wp-json\/wp\/v2\/users\/1"}],"replies":[{"embeddable":true,"href":"https:\/\/niehold.de\/wordpress\/wp-json\/wp\/v2\/comments?post=332"}],"version-history":[{"count":8,"href":"https:\/\/niehold.de\/wordpress\/wp-json\/wp\/v2\/pages\/332\/revisions"}],"predecessor-version":[{"id":443,"href":"https:\/\/niehold.de\/wordpress\/wp-json\/wp\/v2\/pages\/332\/revisions\/443"}],"wp:attachment":[{"href":"https:\/\/niehold.de\/wordpress\/wp-json\/wp\/v2\/media?parent=332"}],"curies":[{"name":"wp","href":"https:\/\/api.w.org\/{rel}","templated":true}]}}